{"id":29,"date":"2022-06-14T07:48:02","date_gmt":"2022-06-14T07:48:02","guid":{"rendered":"https:\/\/boardinghouse.dev-drhoevener.de\/?page_id=29"},"modified":"2024-10-31T14:19:28","modified_gmt":"2024-10-31T14:19:28","slug":"buchung","status":"publish","type":"page","link":"https:\/\/boardinghouse.ms\/en\/buchung\/","title":{"rendered":"Reservations"},"content":{"rendered":"<div data-elementor-type=\"wp-page\" data-elementor-id=\"29\" class=\"elementor elementor-29\" data-elementor-post-type=\"page\">\n\t\t\t\t\t\t<section class=\"elementor-section elementor-top-section elementor-element elementor-element-396a69a3 elementor-section-boxed elementor-section-height-default elementor-section-height-default\" data-id=\"396a69a3\" data-element_type=\"section\" data-e-type=\"section\">\n\t\t\t\t\t\t<div class=\"elementor-container elementor-column-gap-default\">\n\t\t\t\t\t<div class=\"elementor-column elementor-col-100 elementor-top-column elementor-element elementor-element-584f403f\" data-id=\"584f403f\" data-element_type=\"column\" data-e-type=\"column\">\n\t\t\t<div class=\"elementor-widget-wrap elementor-element-populated\">\n\t\t\t\t\t\t<div class=\"elementor-element elementor-element-3fa0edb5 elementor-widget elementor-widget-text-editor\" data-id=\"3fa0edb5\" data-element_type=\"widget\" data-e-type=\"widget\" data-widget_type=\"text-editor.default\">\n\t\t\t\t<div class=\"elementor-widget-container\">\n\t\t\t\t\t\t\t\t\t\n<p><\/p>\n\n\n\n<p><\/p>\n\t\t\t\t\t\t\t\t<\/div>\n\t\t\t\t<\/div>\n\t\t\t\t\t<\/div>\n\t\t<\/div>\n\t\t\t\t\t<\/div>\n\t\t<\/section>\n\t\t\t\t<section class=\"elementor-section elementor-top-section elementor-element elementor-element-c0ba0b6 elementor-section-full_width elementor-section-stretched elementor-section-height-default elementor-section-height-default\" data-id=\"c0ba0b6\" data-element_type=\"section\" data-e-type=\"section\" data-settings=\"{&quot;stretch_section&quot;:&quot;section-stretched&quot;}\">\n\t\t\t\t\t\t<div class=\"elementor-container elementor-column-gap-no\">\n\t\t\t\t\t<div class=\"elementor-column elementor-col-100 elementor-top-column elementor-element elementor-element-554b40d\" data-id=\"554b40d\" data-element_type=\"column\" data-e-type=\"column\">\n\t\t\t<div class=\"elementor-widget-wrap elementor-element-populated\">\n\t\t\t\t\t\t<div class=\"elementor-element elementor-element-daf02c9 elementor--h-position-center elementor--v-position-middle elementor-arrows-position-inside elementor-pagination-position-inside elementor-widget elementor-widget-slides\" data-id=\"daf02c9\" data-element_type=\"widget\" data-e-type=\"widget\" data-settings=\"{&quot;navigation&quot;:&quot;both&quot;,&quot;autoplay&quot;:&quot;yes&quot;,&quot;pause_on_hover&quot;:&quot;yes&quot;,&quot;pause_on_interaction&quot;:&quot;yes&quot;,&quot;autoplay_speed&quot;:5000,&quot;infinite&quot;:&quot;yes&quot;,&quot;transition&quot;:&quot;slide&quot;,&quot;transition_speed&quot;:500}\" data-widget_type=\"slides.default\">\n\t\t\t\t<div class=\"elementor-widget-container\">\n\t\t\t\t\t\t\t\t\t<div class=\"elementor-swiper\">\n\t\t\t\t\t<div class=\"elementor-slides-wrapper elementor-main-swiper swiper\" role=\"region\" aria-roledescription=\"carousel\" aria-label=\"Slides\" dir=\"ltr\" data-animation=\"fadeInUp\">\n\t\t\t\t<div class=\"swiper-wrapper elementor-slides\">\n\t\t\t\t\t\t\t\t\t\t<div class=\"elementor-repeater-item-4d63fad swiper-slide\" role=\"group\" aria-roledescription=\"slide\"><div class=\"swiper-slide-bg\" role=\"img\" aria-label=\"Ferienwohnung pinke Blumen\"><\/div><div class=\"swiper-slide-inner\" ><div class=\"swiper-slide-contents\"><\/div><\/div><\/div>\t\t\t\t<\/div>\n\t\t\t\t\t\t\t<\/div>\n\t\t\t\t<\/div>\n\t\t\t\t\t\t\t\t<\/div>\n\t\t\t\t<\/div>\n\t\t\t\t\t<\/div>\n\t\t<\/div>\n\t\t\t\t\t<\/div>\n\t\t<\/section>\n\t\t\t\t<section class=\"elementor-section elementor-top-section elementor-element elementor-element-fa84a4e elementor-section-boxed elementor-section-height-default elementor-section-height-default\" data-id=\"fa84a4e\" data-element_type=\"section\" data-e-type=\"section\">\n\t\t\t\t\t\t<div class=\"elementor-container elementor-column-gap-default\">\n\t\t\t\t\t<div class=\"elementor-column elementor-col-100 elementor-top-column elementor-element elementor-element-02abf24\" data-id=\"02abf24\" data-element_type=\"column\" data-e-type=\"column\">\n\t\t\t<div class=\"elementor-widget-wrap\">\n\t\t\t\t\t\t\t<\/div>\n\t\t<\/div>\n\t\t\t\t\t<\/div>\n\t\t<\/section>\n\t\t\t\t<section class=\"elementor-section elementor-top-section elementor-element elementor-element-fb6cbd5 elementor-section-height-min-height elementor-section-items-top elementor-section-boxed elementor-section-height-default\" data-id=\"fb6cbd5\" data-element_type=\"section\" data-e-type=\"section\" data-settings=\"{&quot;background_background&quot;:&quot;classic&quot;}\">\n\t\t\t\t\t\t<div class=\"elementor-container elementor-column-gap-default\">\n\t\t\t\t\t<div class=\"elementor-column elementor-col-100 elementor-top-column elementor-element elementor-element-fcbb4bc\" data-id=\"fcbb4bc\" data-element_type=\"column\" data-e-type=\"column\">\n\t\t\t<div class=\"elementor-widget-wrap elementor-element-populated\">\n\t\t\t\t\t\t<div class=\"elementor-element elementor-element-a11618c elementor-widget__width-inherit elementor-widget elementor-widget-html\" data-id=\"a11618c\" data-element_type=\"widget\" data-e-type=\"widget\" data-widget_type=\"html.default\">\n\t\t\t\t<div class=\"elementor-widget-container\">\n\t\t\t\t\t\n<div id=\"apartmentIframeAll\">\n<script type=\"text\/javascript\" src=\"https:\/\/login.smoobu.com\/js\/Settings\/BookingToolIframe.js\"><\/script>\n<script>BookingToolIframe.initialize({\"url\": \"https:\/\/login.smoobu.com\/de\/booking-tool\/iframe\/952531\", \"baseUrl\": \"https:\/\/login.smoobu.com\", \"target\": \"#apartmentIframeAll\"})<\/script>\n<\/div>\n\t\t\t\t<\/div>\n\t\t\t\t<\/div>\n\t\t\t\t\t<\/div>\n\t\t<\/div>\n\t\t\t\t\t<\/div>\n\t\t<\/section>\n\t\t\t\t<section class=\"elementor-section elementor-top-section elementor-element elementor-element-8ffb9fe elementor-section-boxed elementor-section-height-default elementor-section-height-default\" data-id=\"8ffb9fe\" data-element_type=\"section\" data-e-type=\"section\">\n\t\t\t\t\t\t<div class=\"elementor-container elementor-column-gap-default\">\n\t\t\t\t\t<div class=\"elementor-column elementor-col-100 elementor-top-column elementor-element elementor-element-033b089\" data-id=\"033b089\" data-element_type=\"column\" data-e-type=\"column\">\n\t\t\t<div class=\"elementor-widget-wrap elementor-element-populated\">\n\t\t\t\t\t\t<div class=\"elementor-element elementor-element-91b7c03 custom elementor--h-position-left elementor--v-position-middle elementor-arrows-position-inside elementor-pagination-position-inside elementor-widget elementor-widget-slides\" data-id=\"91b7c03\" data-element_type=\"widget\" data-e-type=\"widget\" data-settings=\"{&quot;transition&quot;:&quot;fade&quot;,&quot;navigation&quot;:&quot;both&quot;,&quot;autoplay&quot;:&quot;yes&quot;,&quot;pause_on_hover&quot;:&quot;yes&quot;,&quot;pause_on_interaction&quot;:&quot;yes&quot;,&quot;autoplay_speed&quot;:5000,&quot;infinite&quot;:&quot;yes&quot;,&quot;transition_speed&quot;:500}\" data-widget_type=\"slides.default\">\n\t\t\t\t<div class=\"elementor-widget-container\">\n\t\t\t\t\t\t\t\t\t<div class=\"elementor-swiper\">\n\t\t\t\t\t<div class=\"elementor-slides-wrapper elementor-main-swiper swiper\" role=\"region\" aria-roledescription=\"carousel\" aria-label=\"Slides\" dir=\"ltr\" data-animation=\"\">\n\t\t\t\t<div class=\"swiper-wrapper elementor-slides\">\n\t\t\t\t\t\t\t\t\t\t<div class=\"elementor-repeater-item-66dde54 swiper-slide\" role=\"group\" aria-roledescription=\"slide\"><div class=\"swiper-slide-bg\" role=\"img\" aria-label=\"bh_logo_RGB-01\"><\/div><div class=\"swiper-slide-inner\" ><div class=\"swiper-slide-contents\"><div class=\"elementor-slide-heading\">We look forward to<br>receiving your reservation.<\/div><div class=\"elementor-slide-description\"><h3>An adventure.<\/h3>\nSimply use the search function to enter your desired duration of stay and find your dream accommodation here on the Promenade right in the heart of M\u00fcnster.\nPlease do not hesitate to contact us should you have any further questions.\nWe look forward to hearing from you.<\/div><a href=\"https:\/\/boardinghouse.ms\/en\/contact\/\" class=\"elementor-button elementor-slide-button elementor-size-sm\">CONTACT<\/a><\/div><\/div><\/div>\t\t\t\t<\/div>\n\t\t\t\t\t\t\t<\/div>\n\t\t\t\t<\/div>\n\t\t\t\t\t\t\t\t<\/div>\n\t\t\t\t<\/div>\n\t\t\t\t\t<\/div>\n\t\t<\/div>\n\t\t\t\t\t<\/div>\n\t\t<\/section>\n\t\t\t\t<\/div>","protected":false},"excerpt":{"rendered":"<p>Wir freuen unsauf Ihre Buchung. (K)ein Abenteuer. Geben Sie einfach Ihren Wunschzeitraum in der Suchmaske ein und finden Sie Ihre Traumunterkunft f\u00fcr Ihren Aufenthalt an der Promenade mitten im Herzen von M\u00fcnster. Sollten Sie noch Fragen haben, z\u00f6gern Sie nicht uns zu kontaktieren. Wir freuen uns von Ihnen zu h\u00f6ren.kontakt<\/p>","protected":false},"author":2,"featured_media":2252,"parent":0,"menu_order":0,"comment_status":"closed","ping_status":"closed","template":"","meta":{"footnotes":""},"class_list":["post-29","page","type-page","status-publish","has-post-thumbnail","hentry"],"yoast_head":"<!-- This site is optimized with the Yoast SEO plugin v27.5 - https:\/\/yoast.com\/product\/yoast-seo-wordpress\/ -->\n<title>Buchung | Boardinghouse M\u00fcnster<\/title>\n<meta name=\"description\" content=\"\ud83d\uddd3\ufe0f Jetzt Traumferienwohnung bequem online buchen \ud83d\udccd Zentrale Lage, direkt in der Altstdt \u2714 moderne Einrichtung \u2714 gute Anbindung\" \/>\n<meta name=\"robots\" content=\"index, follow, max-snippet:-1, max-image-preview:large, max-video-preview:-1\" \/>\n<link rel=\"canonical\" href=\"https:\/\/boardinghouse.ms\/en\/buchung\/\" \/>\n<meta property=\"og:locale\" content=\"en_US\" \/>\n<meta property=\"og:type\" content=\"article\" \/>\n<meta property=\"og:title\" content=\"Buchung | Boardinghouse M\u00fcnster\" \/>\n<meta property=\"og:description\" content=\"\ud83d\uddd3\ufe0f Jetzt Traumferienwohnung bequem online buchen \ud83d\udccd Zentrale Lage, direkt in der Altstdt \u2714 moderne Einrichtung \u2714 gute Anbindung\" \/>\n<meta property=\"og:url\" content=\"https:\/\/boardinghouse.ms\/en\/buchung\/\" \/>\n<meta property=\"og:site_name\" content=\"Boardinghouse M\u00fcnster\" \/>\n<meta property=\"article:modified_time\" content=\"2024-10-31T14:19:28+00:00\" \/>\n<meta property=\"og:image\" content=\"https:\/\/boardinghouse.ms\/wp-content\/uploads\/2023\/01\/xtraMuenster_2_MG_9166-scaled.jpg\" \/>\n\t<meta property=\"og:image:width\" content=\"2560\" \/>\n\t<meta property=\"og:image:height\" content=\"1707\" \/>\n\t<meta property=\"og:image:type\" content=\"image\/jpeg\" \/>\n<meta name=\"twitter:card\" content=\"summary_large_image\" \/>\n<meta name=\"twitter:label1\" content=\"Est. reading time\" \/>\n\t<meta name=\"twitter:data1\" content=\"1 minute\" \/>\n<script type=\"application\/ld+json\" class=\"yoast-schema-graph\">{\"@context\":\"https:\\\/\\\/schema.org\",\"@graph\":[{\"@type\":\"WebPage\",\"@id\":\"https:\\\/\\\/boardinghouse.ms\\\/buchung\\\/\",\"url\":\"https:\\\/\\\/boardinghouse.ms\\\/buchung\\\/\",\"name\":\"Buchung | Boardinghouse M\u00fcnster\",\"isPartOf\":{\"@id\":\"https:\\\/\\\/boardinghouse.ms\\\/#website\"},\"primaryImageOfPage\":{\"@id\":\"https:\\\/\\\/boardinghouse.ms\\\/buchung\\\/#primaryimage\"},\"image\":{\"@id\":\"https:\\\/\\\/boardinghouse.ms\\\/buchung\\\/#primaryimage\"},\"thumbnailUrl\":\"https:\\\/\\\/boardinghouse.ms\\\/wp-content\\\/uploads\\\/2023\\\/01\\\/xtraMuenster_2_MG_9166-scaled.jpg\",\"datePublished\":\"2022-06-14T07:48:02+00:00\",\"dateModified\":\"2024-10-31T14:19:28+00:00\",\"description\":\"\ud83d\uddd3\ufe0f Jetzt Traumferienwohnung bequem online buchen \ud83d\udccd Zentrale Lage, direkt in der Altstdt \u2714 moderne Einrichtung \u2714 gute Anbindung\",\"breadcrumb\":{\"@id\":\"https:\\\/\\\/boardinghouse.ms\\\/buchung\\\/#breadcrumb\"},\"inLanguage\":\"en-US\",\"potentialAction\":[{\"@type\":\"ReadAction\",\"target\":[\"https:\\\/\\\/boardinghouse.ms\\\/buchung\\\/\"]}]},{\"@type\":\"ImageObject\",\"inLanguage\":\"en-US\",\"@id\":\"https:\\\/\\\/boardinghouse.ms\\\/buchung\\\/#primaryimage\",\"url\":\"https:\\\/\\\/boardinghouse.ms\\\/wp-content\\\/uploads\\\/2023\\\/01\\\/xtraMuenster_2_MG_9166-scaled.jpg\",\"contentUrl\":\"https:\\\/\\\/boardinghouse.ms\\\/wp-content\\\/uploads\\\/2023\\\/01\\\/xtraMuenster_2_MG_9166-scaled.jpg\",\"width\":2560,\"height\":1707,\"caption\":\"M\u00fcnster zentrale Lage\"},{\"@type\":\"BreadcrumbList\",\"@id\":\"https:\\\/\\\/boardinghouse.ms\\\/buchung\\\/#breadcrumb\",\"itemListElement\":[{\"@type\":\"ListItem\",\"position\":1,\"name\":\"Startseite\",\"item\":\"https:\\\/\\\/boardinghouse.ms\\\/\"},{\"@type\":\"ListItem\",\"position\":2,\"name\":\"Buchung\"}]},{\"@type\":\"WebSite\",\"@id\":\"https:\\\/\\\/boardinghouse.ms\\\/#website\",\"url\":\"https:\\\/\\\/boardinghouse.ms\\\/\",\"name\":\"Boardinghouse M\u00fcnster\",\"description\":\"\",\"publisher\":{\"@id\":\"https:\\\/\\\/boardinghouse.ms\\\/#organization\"},\"potentialAction\":[{\"@type\":\"SearchAction\",\"target\":{\"@type\":\"EntryPoint\",\"urlTemplate\":\"https:\\\/\\\/boardinghouse.ms\\\/?s={search_term_string}\"},\"query-input\":{\"@type\":\"PropertyValueSpecification\",\"valueRequired\":true,\"valueName\":\"search_term_string\"}}],\"inLanguage\":\"en-US\"},{\"@type\":\"Organization\",\"@id\":\"https:\\\/\\\/boardinghouse.ms\\\/#organization\",\"name\":\"Boardinghouse M\u00fcnster\",\"url\":\"https:\\\/\\\/boardinghouse.ms\\\/\",\"logo\":{\"@type\":\"ImageObject\",\"inLanguage\":\"en-US\",\"@id\":\"https:\\\/\\\/boardinghouse.ms\\\/#\\\/schema\\\/logo\\\/image\\\/\",\"url\":\"https:\\\/\\\/boardinghouse.ms\\\/wp-content\\\/uploads\\\/2023\\\/02\\\/cropped-bh_logo_RGB-01.png\",\"contentUrl\":\"https:\\\/\\\/boardinghouse.ms\\\/wp-content\\\/uploads\\\/2023\\\/02\\\/cropped-bh_logo_RGB-01.png\",\"width\":740,\"height\":439,\"caption\":\"Boardinghouse M\u00fcnster\"},\"image\":{\"@id\":\"https:\\\/\\\/boardinghouse.ms\\\/#\\\/schema\\\/logo\\\/image\\\/\"}}]}<\/script>\n<!-- \/ Yoast SEO plugin. -->","yoast_head_json":{"title":"Booking | Boardinghouse M\u00fcnster","description":"\ud83d\uddd3\ufe0f Book your dream holiday apartment conveniently online now \ud83d\udccd Central location, directly in the old town \u2714 Modern interior \u2714 Good connection","robots":{"index":"index","follow":"follow","max-snippet":"max-snippet:-1","max-image-preview":"max-image-preview:large","max-video-preview":"max-video-preview:-1"},"canonical":"https:\/\/boardinghouse.ms\/en\/buchung\/","og_locale":"en_US","og_type":"article","og_title":"Buchung | Boardinghouse M\u00fcnster","og_description":"\ud83d\uddd3\ufe0f Jetzt Traumferienwohnung bequem online buchen \ud83d\udccd Zentrale Lage, direkt in der Altstdt \u2714 moderne Einrichtung \u2714 gute Anbindung","og_url":"https:\/\/boardinghouse.ms\/en\/buchung\/","og_site_name":"Boardinghouse M\u00fcnster","article_modified_time":"2024-10-31T14:19:28+00:00","og_image":[{"width":2560,"height":1707,"url":"https:\/\/boardinghouse.ms\/wp-content\/uploads\/2023\/01\/xtraMuenster_2_MG_9166-scaled.jpg","type":"image\/jpeg"}],"twitter_card":"summary_large_image","twitter_misc":{"Est. reading time":"1 minute"},"schema":{"@context":"https:\/\/schema.org","@graph":[{"@type":"WebPage","@id":"https:\/\/boardinghouse.ms\/buchung\/","url":"https:\/\/boardinghouse.ms\/buchung\/","name":"Booking | Boardinghouse M\u00fcnster","isPartOf":{"@id":"https:\/\/boardinghouse.ms\/#website"},"primaryImageOfPage":{"@id":"https:\/\/boardinghouse.ms\/buchung\/#primaryimage"},"image":{"@id":"https:\/\/boardinghouse.ms\/buchung\/#primaryimage"},"thumbnailUrl":"https:\/\/boardinghouse.ms\/wp-content\/uploads\/2023\/01\/xtraMuenster_2_MG_9166-scaled.jpg","datePublished":"2022-06-14T07:48:02+00:00","dateModified":"2024-10-31T14:19:28+00:00","description":"\ud83d\uddd3\ufe0f Book your dream holiday apartment conveniently online now \ud83d\udccd Central location, directly in the old town \u2714 Modern interior \u2714 Good connection","breadcrumb":{"@id":"https:\/\/boardinghouse.ms\/buchung\/#breadcrumb"},"inLanguage":"en-US","potentialAction":[{"@type":"ReadAction","target":["https:\/\/boardinghouse.ms\/buchung\/"]}]},{"@type":"ImageObject","inLanguage":"en-US","@id":"https:\/\/boardinghouse.ms\/buchung\/#primaryimage","url":"https:\/\/boardinghouse.ms\/wp-content\/uploads\/2023\/01\/xtraMuenster_2_MG_9166-scaled.jpg","contentUrl":"https:\/\/boardinghouse.ms\/wp-content\/uploads\/2023\/01\/xtraMuenster_2_MG_9166-scaled.jpg","width":2560,"height":1707,"caption":"M\u00fcnster zentrale Lage"},{"@type":"BreadcrumbList","@id":"https:\/\/boardinghouse.ms\/buchung\/#breadcrumb","itemListElement":[{"@type":"ListItem","position":1,"name":"Startseite","item":"https:\/\/boardinghouse.ms\/"},{"@type":"ListItem","position":2,"name":"Buchung"}]},{"@type":"WebSite","@id":"https:\/\/boardinghouse.ms\/#website","url":"https:\/\/boardinghouse.ms\/","name":"Boardinghouse M\u00fcnster","description":"","publisher":{"@id":"https:\/\/boardinghouse.ms\/#organization"},"potentialAction":[{"@type":"SearchAction","target":{"@type":"EntryPoint","urlTemplate":"https:\/\/boardinghouse.ms\/?s={search_term_string}"},"query-input":{"@type":"PropertyValueSpecification","valueRequired":true,"valueName":"search_term_string"}}],"inLanguage":"en-US"},{"@type":"Organization","@id":"https:\/\/boardinghouse.ms\/#organization","name":"Boardinghouse M\u00fcnster","url":"https:\/\/boardinghouse.ms\/","logo":{"@type":"ImageObject","inLanguage":"en-US","@id":"https:\/\/boardinghouse.ms\/#\/schema\/logo\/image\/","url":"https:\/\/boardinghouse.ms\/wp-content\/uploads\/2023\/02\/cropped-bh_logo_RGB-01.png","contentUrl":"https:\/\/boardinghouse.ms\/wp-content\/uploads\/2023\/02\/cropped-bh_logo_RGB-01.png","width":740,"height":439,"caption":"Boardinghouse M\u00fcnster"},"image":{"@id":"https:\/\/boardinghouse.ms\/#\/schema\/logo\/image\/"}}]}},"_links":{"self":[{"href":"https:\/\/boardinghouse.ms\/en\/wp-json\/wp\/v2\/pages\/29","targetHints":{"allow":["GET"]}}],"collection":[{"href":"https:\/\/boardinghouse.ms\/en\/wp-json\/wp\/v2\/pages"}],"about":[{"href":"https:\/\/boardinghouse.ms\/en\/wp-json\/wp\/v2\/types\/page"}],"author":[{"embeddable":true,"href":"https:\/\/boardinghouse.ms\/en\/wp-json\/wp\/v2\/users\/2"}],"replies":[{"embeddable":true,"href":"https:\/\/boardinghouse.ms\/en\/wp-json\/wp\/v2\/comments?post=29"}],"version-history":[{"count":13,"href":"https:\/\/boardinghouse.ms\/en\/wp-json\/wp\/v2\/pages\/29\/revisions"}],"predecessor-version":[{"id":3529,"href":"https:\/\/boardinghouse.ms\/en\/wp-json\/wp\/v2\/pages\/29\/revisions\/3529"}],"wp:featuredmedia":[{"embeddable":true,"href":"https:\/\/boardinghouse.ms\/en\/wp-json\/wp\/v2\/media\/2252"}],"wp:attachment":[{"href":"https:\/\/boardinghouse.ms\/en\/wp-json\/wp\/v2\/media?parent=29"}],"curies":[{"name":"wp","href":"https:\/\/api.w.org\/{rel}","templated":true}]}}